{"id":14265,"date":"2020-05-20T14:22:28","date_gmt":"2020-05-20T12:22:28","guid":{"rendered":"https:\/\/mariedefels.com\/?page_id=14265"},"modified":"2020-05-22T16:36:58","modified_gmt":"2020-05-22T14:36:58","slug":"legal-notice","status":"publish","type":"page","link":"https:\/\/mariedefels.com\/en\/legal-notice\/","title":{"rendered":"Legal Notice"},"content":{"rendered":"<div class=\"wpb-content-wrapper\"><p>[vc_row][vc_column][vc_column_text]<\/p>\n<h3>Site editor<\/h3>\n<p>This site is the property of MHC which markets the Marie de Fels brand on the site www.mariedefels.com located at 94 bd Flandrin, 75116 Paris<\/p>\n<h3>Design and creation of the site<\/h3>\n<p>Conception and development<br \/>\nAgency:\u00a0Tukan Agency\u00a0\u2013 Paris<br \/>\nTukan Agency Kft, 66 avenue des Champs Elys\u00e9es, Bureau 46<br \/>\n75008 Paris<br \/>\nSIREN: 839 905 759 R.C.S. Paris<br \/>\n<a href=\"https:\/\/tukangroup.com\">https:\/\/tukangroup.com<\/a><\/p>\n<h3>Hosting<\/h3>\n<p><strong>Company:<\/strong> Hetzner Online GmbH<br \/>\n<strong>Registered at:<\/strong> Industriestr. 25, 91710 Gunzenhausen, Allemagne<br \/>\n<strong>Phone:<\/strong> +49 9831 5050<br \/>\n<strong>Maintenance and technical support of the website and hosting:\u2028<\/strong><br \/>\nTukan Agency KFT \u2013 66 avenue des Champs Elys\u00e9es, Bureau 46, 75008 PARIS.<\/p>\n<h3>Photo credits<\/h3>\n<p>Access to the site and the use of its content are subject to the conditions of use described below. Accessing and browsing the Site constitutes unconditional acceptance on the part of the visitor of these stipulations.<\/p>\n<p>Photos\u00a0Credits:<br \/>\nArt Shooting Photographie<br \/>\nFabrice Rambert<br \/>\nCapucine Jonglez<br \/>\nAnnaClick Photographie<\/p>\n<h3>Intellectual property<\/h3>\n<p>The Site is the exclusive property of Marie de Fels &#8211; Soci\u00e9t\u00e9 MHC, sole authority to use and exploit the intellectual property rights and personality rights attached to this Site, in particular, trademarks, designs and models, copyright and rights in the image, on an original basis or by the effect of an assignment or an operating license.<br \/>\nThe use of all or part of the Site, in particular by downloading, reproduction, transmission or representation for functions other than for personal and private use for non-commercial purposes is strictly prohibited.<\/p>\n<h3>Hypertext links to other sites<\/h3>\n<p>The creation of hypertext links to the Site can only be done with the prior written authorization of the MHC Company which may be revoked at any time.<br \/>\nThe MHC Company declines all responsibility concerning the content of sites linked to the Site.<\/p>\n<h3>Responsibility of Marie de Fels &#8211; Society MHC<\/h3>\n<p>Under the conditions authorized by law, Marie de Fels &#8211; Soci\u00e9t\u00e9 MHC does not incur any responsibility:<\/p>\n<ul>\n<li>for any imprecision, inaccuracy, omission, or for any damage resulting from an intrusion by a third party resulting in a modification of the information made available on the Site,<\/li>\n<li>in the event of damage caused by the access of an unauthorized third party to the Site or making it impossible to access it.<\/li>\n<\/ul>\n<p>The visitor is informed that access to the Site may be interrupted at any time by Marie de Fels &#8211; Soci\u00e9t\u00e9 MHC due to maintenance, security or any other technical constraint.<br \/>\nMarie de Fels &#8211; Soci\u00e9t\u00e9 MHC is committed to making its best efforts to ensure users accessibility of the site at all times. The website is available 7 days a week and 24 hours a day, except in cases of force majeure such as technical, maintenance or telecommunications difficulties.<\/p>\n<h3>Applicable right<\/h3>\n<p>These notices are governed by French law. The French courts are the only competent to know any litigation relating directly or indirectly to the access to this Site or to its use.<\/p>\n<h3>Cookies<\/h3>\n<p>Marie de Fels &#8211; Soci\u00e9t\u00e9 MHC reserves the right to use cookies. The cookie is a computer file stored on the hard drive of the microcomputer of customers and prospects which aims to report a previous visit of the customer or prospect on the Site or to allow Marie de Fels &#8211; Soci\u00e9t\u00e9 MHC to manage the traffic of Internet users visiting his site. Cookies are only used by Marie de Fels &#8211; Soci\u00e9t\u00e9 MHC only in order to improve and personalize navigation. Each customer and prospect can deactivate the use of cookies by selecting the appropriate settings in their browser. However, such deactivation could prevent the use of certain features of the site.<br \/>\nFor the management of cookies, the configuration of each browser is different. It is described in the help menu of each browser, which allows you to know how to modify your preferences regarding cookies.<\/p>\n<p>\u2013 Via browsers:<br \/>\n1. Microsoft Internet Explorer: <a href=\"http:\/\/windows.microsoft.com\/fr-FR\/windows-vista\/Block-or-allow-cookies\">http:\/\/windows.microsoft.com\/fr-FR\/windows-vista\/Block-or-allow-cookies<\/a><br \/>\n2. Google Chrome: <a href=\"http:\/\/support.google.com\/chrome\/bin\/answer.py?hl=fr&amp;hlrm=en&amp;answer=95647\">http:\/\/support.google.com\/chrome\/bin\/answer.py?hl=fr&amp;hlrm=en&amp;answer=95647<\/a><br \/>\n3. Safari: <a href=\"http:\/\/docs.info.apple.com\/article.html?path=Safari\/3.0\/fr\/9277.html\">http:\/\/docs.info.apple.com\/article.html?path=Safari\/3.0\/fr\/9277.html<\/a><br \/>\n4. Mozilla Firefox: <a href=\"https:\/\/support.mozilla.org\/fr\/kb\/protection-renforcee-contre-pistage-firefox-ordinateur\">https:\/\/support.mozilla.org\/fr\/kb\/protection-renforcee-contre-pistage-firefox-ordinateur<\/a><br \/>\n5. Op\u00e9ra: <a href=\"http:\/\/help.opera.com\/Windows\/10.20\/fr\/cookies.html\">http:\/\/help.opera.com\/Windows\/10.20\/fr\/cookies.html<\/a>[\/vc_column_text][\/vc_column][\/vc_row]<\/p>\n<\/div>","protected":false},"excerpt":{"rendered":"<p>[vc_row][vc_column][vc_column_text] Site editor This site is the property of MHC which markets the Marie de Fels brand on the site www.mariedefels.com located at 94 bd Flandrin, 75116 Paris Design and creation of the site Conception and development Agency:\u00a0Tukan Agency\u00a0\u2013 Paris Tukan Agency Kft, 66 avenue des Champs Elys\u00e9es, Bureau 46 75008 Paris SIREN: 839 905 [&hellip;]<\/p>\n","protected":false},"author":1,"featured_media":0,"parent":0,"menu_order":0,"comment_status":"closed","ping_status":"closed","template":"","meta":{"_acf_changed":false,"footnotes":""},"yst_prominent_words":[],"class_list":["post-14265","page","type-page","status-publish","hentry"],"acf":[],"_links":{"self":[{"href":"https:\/\/mariedefels.com\/en\/wp-json\/wp\/v2\/pages\/14265","targetHints":{"allow":["GET"]}}],"collection":[{"href":"https:\/\/mariedefels.com\/en\/wp-json\/wp\/v2\/pages"}],"about":[{"href":"https:\/\/mariedefels.com\/en\/wp-json\/wp\/v2\/types\/page"}],"author":[{"embeddable":true,"href":"https:\/\/mariedefels.com\/en\/wp-json\/wp\/v2\/users\/1"}],"replies":[{"embeddable":true,"href":"https:\/\/mariedefels.com\/en\/wp-json\/wp\/v2\/comments?post=14265"}],"version-history":[{"count":0,"href":"https:\/\/mariedefels.com\/en\/wp-json\/wp\/v2\/pages\/14265\/revisions"}],"wp:attachment":[{"href":"https:\/\/mariedefels.com\/en\/wp-json\/wp\/v2\/media?parent=14265"}],"wp:term":[{"taxonomy":"yst_prominent_words","embeddable":true,"href":"https:\/\/mariedefels.com\/en\/wp-json\/wp\/v2\/yst_prominent_words?post=14265"}],"curies":[{"name":"wp","href":"https:\/\/api.w.org\/{rel}","templated":true}]}}